{"id":8777,"date":"2023-03-15T17:27:03","date_gmt":"2023-03-15T16:27:03","guid":{"rendered":"https:\/\/luciepo.com\/zreknuti-se-odpovednosti-partnera\/"},"modified":"2024-03-04T19:13:11","modified_gmt":"2024-03-04T18:13:11","slug":"zreknuti-se-odpovednosti-partnera","status":"publish","type":"page","link":"https:\/\/luciepo.com\/cs\/zreknuti-se-odpovednosti-partnera\/","title":{"rendered":"Z\u0159eknut\u00ed se odpov\u011bdnosti partnera"},"content":{"rendered":"\n<p>V LuciePo chceme b\u00fdt zcela transparentn\u00ed, pokud jde o na\u0161e partnersk\u00e9 vztahy s jin\u00fdmi spole\u010dnostmi. V\u011b\u0159\u00edme, \u017ee up\u0159\u00edmnost je ta nejlep\u0161\u00ed politika, a chceme, aby na\u0161i \u010dten\u00e1\u0159i d\u016fv\u011b\u0159ovali n\u00e1m a na\u0161im doporu\u010den\u00edm.<\/p>\n\n<p>N\u011bkter\u00e9 z odkaz\u016f na na\u0161ich webov\u00fdch str\u00e1nk\u00e1ch jsou partnersk\u00e9 odkazy, co\u017e znamen\u00e1, \u017ee pokud kliknete na n\u011bkter\u00fd z t\u011bchto odkaz\u016f a provedete n\u00e1kup, m\u016f\u017eeme z\u00edskat provizi bez dal\u0161\u00edch n\u00e1klad\u016f. Doporu\u010dujeme pouze produkty a slu\u017eby, kter\u00fdm skute\u010dn\u011b v\u011b\u0159\u00edme a o kter\u00fdch si mysl\u00edme, \u017ee budou pro na\u0161e \u010dten\u00e1\u0159e u\u017eite\u010dn\u00e9.<\/p>\n\n<p>Jsme \u00fa\u010dastn\u00edkem programu Amazon Services LLC Associates, co\u017e je partnersk\u00fd reklamn\u00ed program, kter\u00fd n\u00e1m umo\u017e\u0148uje vyd\u011bl\u00e1vat poplatky prost\u0159ednictv\u00edm odkaz\u016f na Amazon.com a p\u0159idru\u017een\u00e9 str\u00e1nky. Jako spolupracovn\u00edk spole\u010dnosti Amazon vyd\u011bl\u00e1v\u00e1me z kvalifikovan\u00fdch n\u00e1kup\u016f.<\/p>\n\n<p>\u00da\u010dastn\u00edme se tak\u00e9 dal\u0161\u00edch partnersk\u00fdch program\u016f, mimo jin\u00e9:<\/p>\n\n<ul>\n<li>ShareASale<\/li>\n\n\n\n<li>Commission Junction<\/li>\n\n\n\n<li>Rakuten Marketing<\/li>\n<\/ul>\n\n<p>M\u016f\u017eeme tak\u00e9 obdr\u017eet kompenzaci za sponzorovan\u00e9 p\u0159\u00edsp\u011bvky nebo recenze produkt\u016f. V\u017edy v\u0161ak zve\u0159ejn\u00edme, pokud jsme za p\u0159\u00edsp\u011bvek nebo recenzi obdr\u017eeli odm\u011bnu.<\/p>\n\n<p>Je d\u016fle\u017eit\u00e9 poznamenat, \u017ee n\u00e1\u0161 redak\u010dn\u00ed obsah nen\u00ed ovlivn\u011bn t\u011bmito partnersk\u00fdmi vztahy ani sponzorovan\u00fdm obsahem. V\u017edy v\u00e1m poskytneme up\u0159\u00edmn\u00e9 a nestrann\u00e9 recenze a doporu\u010den\u00ed.<\/p>\n\n<p>Ch\u00e1peme, \u017ee ne ka\u017ed\u00fd m\u016f\u017ee cht\u00edt pou\u017e\u00edvat na\u0161e partnersk\u00e9 odkazy, a to je zcela v po\u0159\u00e1dku. Nejste povinni pou\u017e\u00edvat na\u0161e odkazy a my si v\u00e1\u017e\u00edme va\u0161\u00ed podpory, a\u0165 u\u017e se rozhodnete je pou\u017e\u00edvat, nebo ne.<\/p>\n\n<p>Pokud se rozhodnete pou\u017e\u00edt na\u0161e partnersk\u00e9 odkazy, v\u011bzte, \u017ee si v\u00e1\u017e\u00edme va\u0161\u00ed podpory a \u017ee n\u00e1m pom\u00e1h\u00e1 pokra\u010dovat ve vytv\u00e1\u0159en\u00ed u\u017eite\u010dn\u00e9ho obsahu pro na\u0161e \u010dten\u00e1\u0159e.<\/p>\n\n<p>D\u011bkujeme za podporu a za \u010dten\u00ed LuciePo!<\/p>\n","protected":false},"excerpt":{"rendered":"<p>V LuciePo chceme b\u00fdt zcela transparentn\u00ed, pokud jde o na\u0161e partnersk\u00e9 vztahy s jin\u00fdmi spole\u010dnostmi. V\u011b\u0159\u00edme, \u017ee up\u0159\u00edmnost je ta nejlep\u0161\u00ed politika, a chceme, aby na\u0161i \u010dten\u00e1\u0159i d\u016fv\u011b\u0159ovali n\u00e1m a na\u0161im doporu\u010den\u00edm. N\u011bkter\u00e9 z odkaz\u016f na na\u0161ich webov\u00fdch str\u00e1nk\u00e1ch jsou partnersk\u00e9 odkazy, co\u017e znamen\u00e1, \u017ee pokud kliknete na n\u011bkter\u00fd z t\u011bchto odkaz\u016f a provedete n\u00e1kup, m\u016f\u017eeme z\u00edskat provizi bez dal\u0161\u00edch n\u00e1klad\u016f. Doporu\u010dujeme pouze produkty a slu\u017eby, kter\u00fdm skute\u010dn\u011b v\u011b\u0159\u00edme a o kter\u00fdch si mysl\u00edme, \u017ee budou pro na\u0161e \u010dten\u00e1\u0159e u\u017eite\u010dn\u00e9. Jsme \u00fa\u010dastn\u00edkem programu Amazon Services LLC Associates, co\u017e je partnersk\u00fd reklamn\u00ed program, kter\u00fd n\u00e1m umo\u017e\u0148uje vyd\u011bl\u00e1vat poplatky prost\u0159ednictv\u00edm odkaz\u016f na Amazon.com a p\u0159idru\u017een\u00e9 str\u00e1nky. Jako spolupracovn\u00edk spole\u010dnosti Amazon vyd\u011bl\u00e1v\u00e1me z kvalifikovan\u00fdch n\u00e1kup\u016f. \u00da\u010dastn\u00edme se tak\u00e9 dal\u0161\u00edch partnersk\u00fdch program\u016f, mimo jin\u00e9: M\u016f\u017eeme tak\u00e9 obdr\u017eet kompenzaci za sponzorovan\u00e9 p\u0159\u00edsp\u011bvky nebo recenze produkt\u016f. V\u017edy v\u0161ak zve\u0159ejn\u00edme, pokud jsme za p\u0159\u00edsp\u011bvek nebo recenzi obdr\u017eeli odm\u011bnu. Je d\u016fle\u017eit\u00e9 poznamenat, \u017ee n\u00e1\u0161 redak\u010dn\u00ed obsah nen\u00ed ovlivn\u011bn t\u011bmito partnersk\u00fdmi vztahy ani sponzorovan\u00fdm obsahem. V\u017edy v\u00e1m poskytneme up\u0159\u00edmn\u00e9 a nestrann\u00e9 recenze a doporu\u010den\u00ed. Ch\u00e1peme, \u017ee ne ka\u017ed\u00fd m\u016f\u017ee cht\u00edt pou\u017e\u00edvat na\u0161e partnersk\u00e9 odkazy, a to je zcela v po\u0159\u00e1dku. Nejste povinni pou\u017e\u00edvat na\u0161e odkazy a my si v\u00e1\u017e\u00edme va\u0161\u00ed podpory, a\u0165 u\u017e se rozhodnete je pou\u017e\u00edvat, nebo ne. Pokud se rozhodnete pou\u017e\u00edt na\u0161e partnersk\u00e9 odkazy, v\u011bzte, \u017ee si v\u00e1\u017e\u00edme va\u0161\u00ed podpory a \u017ee n\u00e1m pom\u00e1h\u00e1 pokra\u010dovat ve vytv\u00e1\u0159en\u00ed u\u017eite\u010dn\u00e9ho obsahu pro na\u0161e \u010dten\u00e1\u0159e. D\u011bkujeme za podporu a za \u010dten\u00ed LuciePo!<\/p>\n","protected":false},"author":1,"featured_media":0,"parent":0,"menu_order":0,"comment_status":"closed","ping_status":"closed","template":"","meta":{"_eb_attr":"","cos_headline_score":0,"cos_seo_score":0,"cos_headline_text":"","cos_headline_has_been_analyzed":false,"cos_last_analyzed_headline":[],"_lmt_disableupdate":"","_lmt_disable":"","footnotes":""},"ppma_author":[115],"acf":[],"_links":{"self":[{"href":"https:\/\/luciepo.com\/cs\/wp-json\/wp\/v2\/pages\/8777"}],"collection":[{"href":"https:\/\/luciepo.com\/cs\/wp-json\/wp\/v2\/pages"}],"about":[{"href":"https:\/\/luciepo.com\/cs\/wp-json\/wp\/v2\/types\/page"}],"author":[{"embeddable":true,"href":"https:\/\/luciepo.com\/cs\/wp-json\/wp\/v2\/users\/1"}],"replies":[{"embeddable":true,"href":"https:\/\/luciepo.com\/cs\/wp-json\/wp\/v2\/comments?post=8777"}],"version-history":[{"count":3,"href":"https:\/\/luciepo.com\/cs\/wp-json\/wp\/v2\/pages\/8777\/revisions"}],"predecessor-version":[{"id":8801,"href":"https:\/\/luciepo.com\/cs\/wp-json\/wp\/v2\/pages\/8777\/revisions\/8801"}],"wp:attachment":[{"href":"https:\/\/luciepo.com\/cs\/wp-json\/wp\/v2\/media?parent=8777"}],"wp:term":[{"taxonomy":"author","embeddable":true,"href":"https:\/\/luciepo.com\/cs\/wp-json\/wp\/v2\/ppma_author?post=8777"}],"curies":[{"name":"wp","href":"https:\/\/api.w.org\/{rel}","templated":true}]}}