{"id":8792,"date":"2023-03-15T17:34:38","date_gmt":"2023-03-15T16:34:38","guid":{"rendered":"https:\/\/luciepo.com\/zasady-pouzivani-souboru-cookie\/"},"modified":"2024-03-04T19:13:08","modified_gmt":"2024-03-04T18:13:08","slug":"zasady-pouzivani-souboru-cookie","status":"publish","type":"page","link":"https:\/\/luciepo.com\/cs\/zasady-pouzivani-souboru-cookie\/","title":{"rendered":"Z\u00e1sady pou\u017e\u00edv\u00e1n\u00ed soubor\u016f cookie"},"content":{"rendered":"<h1 id='z\u00e1sady-pou\u017e\u00edv\u00e1n\u00ed-soubor\u016f-cookie'  id=\"boomdevs_1\" class=\"cookie-policy-h1\" >Z\u00e1sady pou\u017e\u00edv\u00e1n\u00ed soubor\u016f cookie<\/h1>\n<p>Datum \u00fa\u010dinnosti: 15. b\u0159ezna 2023<br \/>\nPosledn\u00ed aktualizace: 15-Mar-2023<\/p>\n<h5 id='co-jsou-to-soubory-cookie'  id=\"boomdevs_2\" ><span class=\"ez-toc-section\" id=\"Co_jsou_to_soubory_cookie\"><\/span>Co jsou to soubory cookie?<span class=\"ez-toc-section-end\"><\/span><\/h5>\n<div class=\"cookie-policy-p\">\n<p>Tyto z\u00e1sady pou\u017e\u00edv\u00e1n\u00ed soubor\u016f cookie vysv\u011btluj\u00ed, co jsou to soubory cookie a jak je pou\u017e\u00edv\u00e1me, jak\u00e9 typy soubor\u016f cookie pou\u017e\u00edv\u00e1me, tj. jak\u00e9 informace pomoc\u00ed soubor\u016f cookie shroma\u017e\u010fujeme a jak je pou\u017e\u00edv\u00e1me, a jak spravovat nastaven\u00ed soubor\u016f cookie.<\/p>\n<p>Soubory cookie jsou mal\u00e9 textov\u00e9 soubory, kter\u00e9 slou\u017e\u00ed k ukl\u00e1d\u00e1n\u00ed mal\u00fdch informac\u00ed. Jsou ulo\u017eeny ve va\u0161em za\u0159\u00edzen\u00ed p\u0159i na\u010dten\u00ed webov\u00e9 str\u00e1nky v prohl\u00ed\u017ee\u010di. Tyto soubory cookie n\u00e1m pom\u00e1haj\u00ed zajistit spr\u00e1vn\u00e9 fungov\u00e1n\u00ed webov\u00fdch str\u00e1nek, zv\u00fd\u0161it jejich bezpe\u010dnost, poskytnout lep\u0161\u00ed u\u017eivatelsk\u00fd komfort a porozum\u011bt tomu, jak webov\u00e9 str\u00e1nky funguj\u00ed, a analyzovat, co funguje a kde je t\u0159eba zlep\u0161en\u00ed.<\/p>\n<\/div>\n<h5 id='jak-pou\u017e\u00edv\u00e1me-soubory-cookie'  id=\"boomdevs_3\" >Jak pou\u017e\u00edv\u00e1me soubory cookie?<\/h5>\n<div class=\"cookie-policy-p\">\n<p>Stejn\u011b jako v\u011bt\u0161ina online slu\u017eeb i na\u0161e webov\u00e9 str\u00e1nky pou\u017e\u00edvaj\u00ed soubory cookie prvn\u00ed strany a t\u0159et\u00edch stran k n\u011bkolika \u00fa\u010del\u016fm. Soubory cookie prvn\u00ed strany jsou v\u011bt\u0161inou nezbytn\u00e9 pro spr\u00e1vn\u00e9 fungov\u00e1n\u00ed webov\u00fdch str\u00e1nek a neshroma\u017e\u010fuj\u00ed \u017e\u00e1dn\u00e9 va\u0161e osobn\u00ed \u00fadaje.<\/p>\n<p>Soubory cookie t\u0159et\u00edch stran pou\u017e\u00edvan\u00e9 na na\u0161ich webov\u00fdch str\u00e1nk\u00e1ch slou\u017e\u00ed p\u0159edev\u0161\u00edm k pochopen\u00ed toho, jak webov\u00e9 str\u00e1nky funguj\u00ed, jak s nimi komunikujete, k zaji\u0161t\u011bn\u00ed bezpe\u010dnosti na\u0161ich slu\u017eeb, k poskytov\u00e1n\u00ed pro v\u00e1s relevantn\u00edch reklam a celkov\u011b k zaji\u0161t\u011bn\u00ed lep\u0161\u00edho a kvalitn\u011bj\u0161\u00edho u\u017eivatelsk\u00e9ho prost\u0159ed\u00ed a k urychlen\u00ed va\u0161ich budouc\u00edch interakc\u00ed s na\u0161imi webov\u00fdmi str\u00e1nkami.<\/p>\n<\/div>\n<h5 id='typy-soubor\u016f-cookie-kter\u00e9-pou\u017e\u00edv\u00e1me'  id=\"boomdevs_4\" >Typy soubor\u016f cookie, kter\u00e9 pou\u017e\u00edv\u00e1me<\/h5>\n<div class=\"cky-audit-table-element\"><\/div>\n<h5 id='spr\u00e1va-p\u0159edvoleb-soubor\u016f-cookie'  id=\"boomdevs_5\" style=\"margin-bottom: 20px;\" >Spr\u00e1va p\u0159edvoleb soubor\u016f cookie<\/h5>\n<p><a class=\"cky-banner-element\">Nastaven\u00ed soubor\u016f cookie<\/a><\/p>\n<div>\n<p>P\u0159edvolby soubor\u016f cookie m\u016f\u017eete kdykoli zm\u011bnit kliknut\u00edm na v\u00fd\u0161e uveden\u00e9 tla\u010d\u00edtko. To v\u00e1m umo\u017en\u00ed znovu nav\u0161t\u00edvit banner se souhlasem se soubory cookie a zm\u011bnit sv\u00e9 preference nebo souhlas rovnou odvolat.<\/p>\n<p>Krom\u011b toho r\u016fzn\u00e9 prohl\u00ed\u017ee\u010de poskytuj\u00ed r\u016fzn\u00e9 metody blokov\u00e1n\u00ed a maz\u00e1n\u00ed soubor\u016f cookie pou\u017e\u00edvan\u00fdch webov\u00fdmi str\u00e1nkami. Nastaven\u00ed prohl\u00ed\u017ee\u010de m\u016f\u017eete zm\u011bnit tak, abyste soubory cookie zablokovali nebo odstranili. N\u00ed\u017ee jsou uvedeny odkazy na podp\u016frn\u00e9 dokumenty o tom, jak spravovat a odstra\u0148ovat soubory cookie z hlavn\u00edch webov\u00fdch prohl\u00ed\u017ee\u010d\u016f.<\/p>\n<p>Chrome: <a href=\"https:\/\/support.google.com\/accounts\/answer\/32050\" target=\"_blank\" rel=\"noopener\">https:\/\/support.google.com\/accounts\/answer\/32050<\/a><\/p>\n<p>Safari: <a href=\"https:\/\/support.apple.com\/en-in\/guide\/safari\/sfri11471\/mac\" target=\"_blank\" rel=\"noopener\">https:\/\/support.apple.com\/en-in\/guide\/safari\/sfri11471\/mac<\/a><\/p>\n<p>Firefox: <a href=\"https:\/\/support.mozilla.org\/en-US\/kb\/clear-cookies-and-site-data-firefox?redirectslug=delete-cookies-remove-info-websites-stored&amp;redirectlocale=en-US\" target=\"_blank\" rel=\"noopener\">https:\/\/support.mozilla.org\/en-US\/kb\/clear-cookies-and-site-data-firefox?redirectslug=delete-cookies-remove-info-websites-stored&amp;redirectlocale=en-US<\/a><\/p>\n<p>Internet Explorer: <a href=\"https:\/\/support.microsoft.com\/en-us\/topic\/how-to-delete-cookie-files-in-internet-explorer-bca9446f-d873-78de-77ba-d42645fa52fc\" target=\"_blank\" rel=\"noopener\">https:\/\/support.microsoft.com\/en-us\/topic\/how-to-delete-cookie-files-in-internet-explorer-bca9446f-d873-78de-77ba-d42645fa52fc<\/a><\/p>\n<p>Pokud pou\u017e\u00edv\u00e1te jin\u00fd webov\u00fd prohl\u00ed\u017ee\u010d, nav\u0161tivte ofici\u00e1ln\u00ed dokumenty podpory prohl\u00ed\u017ee\u010de.<\/p>\n<\/div>\n<p class=\"cookie-policy-p\">Z\u00e1sady pou\u017e\u00edv\u00e1n\u00ed soubor\u016f cookie generuje <a href=\"https:\/\/www.cookieyes.com\/?utm_source=CP&amp;utm_medium=footer&amp;utm_campaign=UW\" target=\"_blank\" rel=\"noopener\">CookieYes &#8211; gener\u00e1tor z\u00e1sad pou\u017e\u00edv\u00e1n\u00ed soubor\u016f cookie<\/a>.<\/p>\n","protected":false},"excerpt":{"rendered":"<p>Z\u00e1sady pou\u017e\u00edv\u00e1n\u00ed soubor\u016f cookie Datum \u00fa\u010dinnosti: 15. b\u0159ezna 2023 Posledn\u00ed aktualizace: 15-Mar-2023 Co jsou to soubory cookie? Tyto z\u00e1sady pou\u017e\u00edv\u00e1n\u00ed soubor\u016f cookie vysv\u011btluj\u00ed, co jsou to soubory cookie a jak je pou\u017e\u00edv\u00e1me, jak\u00e9 typy soubor\u016f cookie pou\u017e\u00edv\u00e1me, tj. jak\u00e9 informace pomoc\u00ed soubor\u016f cookie shroma\u017e\u010fujeme a jak je pou\u017e\u00edv\u00e1me, a jak spravovat nastaven\u00ed soubor\u016f cookie. Soubory cookie jsou mal\u00e9 textov\u00e9 soubory, kter\u00e9 slou\u017e\u00ed k ukl\u00e1d\u00e1n\u00ed mal\u00fdch informac\u00ed. Jsou ulo\u017eeny ve va\u0161em za\u0159\u00edzen\u00ed p\u0159i na\u010dten\u00ed webov\u00e9 str\u00e1nky v prohl\u00ed\u017ee\u010di. Tyto soubory cookie n\u00e1m pom\u00e1haj\u00ed zajistit spr\u00e1vn\u00e9 fungov\u00e1n\u00ed webov\u00fdch str\u00e1nek, zv\u00fd\u0161it jejich bezpe\u010dnost, poskytnout lep\u0161\u00ed u\u017eivatelsk\u00fd komfort a porozum\u011bt tomu, jak webov\u00e9 str\u00e1nky funguj\u00ed, a analyzovat, co funguje a kde je t\u0159eba zlep\u0161en\u00ed. Jak pou\u017e\u00edv\u00e1me soubory cookie? Stejn\u011b jako v\u011bt\u0161ina online slu\u017eeb i na\u0161e webov\u00e9 str\u00e1nky pou\u017e\u00edvaj\u00ed soubory cookie prvn\u00ed strany a t\u0159et\u00edch stran k n\u011bkolika \u00fa\u010del\u016fm. Soubory cookie prvn\u00ed strany jsou v\u011bt\u0161inou nezbytn\u00e9 pro spr\u00e1vn\u00e9 fungov\u00e1n\u00ed webov\u00fdch str\u00e1nek a neshroma\u017e\u010fuj\u00ed \u017e\u00e1dn\u00e9 va\u0161e osobn\u00ed \u00fadaje. Soubory cookie t\u0159et\u00edch stran pou\u017e\u00edvan\u00e9 na na\u0161ich webov\u00fdch str\u00e1nk\u00e1ch slou\u017e\u00ed p\u0159edev\u0161\u00edm k pochopen\u00ed toho, jak webov\u00e9 str\u00e1nky funguj\u00ed, jak s nimi komunikujete, k zaji\u0161t\u011bn\u00ed bezpe\u010dnosti na\u0161ich slu\u017eeb, k poskytov\u00e1n\u00ed pro v\u00e1s relevantn\u00edch reklam a celkov\u011b k zaji\u0161t\u011bn\u00ed lep\u0161\u00edho a kvalitn\u011bj\u0161\u00edho u\u017eivatelsk\u00e9ho prost\u0159ed\u00ed a k urychlen\u00ed va\u0161ich budouc\u00edch interakc\u00ed s na\u0161imi webov\u00fdmi str\u00e1nkami. Typy soubor\u016f cookie, kter\u00e9 pou\u017e\u00edv\u00e1me Spr\u00e1va p\u0159edvoleb soubor\u016f cookie Nastaven\u00ed soubor\u016f cookie P\u0159edvolby soubor\u016f cookie m\u016f\u017eete kdykoli zm\u011bnit kliknut\u00edm na v\u00fd\u0161e uveden\u00e9 tla\u010d\u00edtko. To v\u00e1m umo\u017en\u00ed znovu nav\u0161t\u00edvit banner se souhlasem se soubory cookie a zm\u011bnit sv\u00e9 preference nebo souhlas rovnou odvolat. Krom\u011b toho r\u016fzn\u00e9 prohl\u00ed\u017ee\u010de poskytuj\u00ed r\u016fzn\u00e9 metody blokov\u00e1n\u00ed a maz\u00e1n\u00ed soubor\u016f cookie pou\u017e\u00edvan\u00fdch webov\u00fdmi str\u00e1nkami. Nastaven\u00ed prohl\u00ed\u017ee\u010de m\u016f\u017eete zm\u011bnit tak, abyste soubory cookie zablokovali nebo odstranili. N\u00ed\u017ee jsou uvedeny odkazy na podp\u016frn\u00e9 dokumenty o tom, jak spravovat a odstra\u0148ovat soubory cookie z hlavn\u00edch webov\u00fdch prohl\u00ed\u017ee\u010d\u016f. Chrome: https:\/\/support.google.com\/accounts\/answer\/32050 Safari: https:\/\/support.apple.com\/en-in\/guide\/safari\/sfri11471\/mac Firefox: https:\/\/support.mozilla.org\/en-US\/kb\/clear-cookies-and-site-data-firefox?redirectslug=delete-cookies-remove-info-websites-stored&amp;redirectlocale=en-US Internet Explorer: https:\/\/support.microsoft.com\/en-us\/topic\/how-to-delete-cookie-files-in-internet-explorer-bca9446f-d873-78de-77ba-d42645fa52fc Pokud pou\u017e\u00edv\u00e1te jin\u00fd webov\u00fd prohl\u00ed\u017ee\u010d, nav\u0161tivte ofici\u00e1ln\u00ed dokumenty podpory prohl\u00ed\u017ee\u010de. Z\u00e1sady pou\u017e\u00edv\u00e1n\u00ed soubor\u016f cookie generuje CookieYes &#8211; gener\u00e1tor z\u00e1sad pou\u017e\u00edv\u00e1n\u00ed soubor\u016f cookie.<\/p>\n","protected":false},"author":1,"featured_media":0,"parent":0,"menu_order":0,"comment_status":"closed","ping_status":"closed","template":"","meta":{"_eb_attr":"","cos_headline_score":0,"cos_seo_score":0,"cos_headline_text":"","cos_headline_has_been_analyzed":false,"cos_last_analyzed_headline":[],"_lmt_disableupdate":"","_lmt_disable":"","footnotes":""},"ppma_author":[115],"acf":[],"_links":{"self":[{"href":"https:\/\/luciepo.com\/cs\/wp-json\/wp\/v2\/pages\/8792"}],"collection":[{"href":"https:\/\/luciepo.com\/cs\/wp-json\/wp\/v2\/pages"}],"about":[{"href":"https:\/\/luciepo.com\/cs\/wp-json\/wp\/v2\/types\/page"}],"author":[{"embeddable":true,"href":"https:\/\/luciepo.com\/cs\/wp-json\/wp\/v2\/users\/1"}],"replies":[{"embeddable":true,"href":"https:\/\/luciepo.com\/cs\/wp-json\/wp\/v2\/comments?post=8792"}],"version-history":[{"count":0,"href":"https:\/\/luciepo.com\/cs\/wp-json\/wp\/v2\/pages\/8792\/revisions"}],"wp:attachment":[{"href":"https:\/\/luciepo.com\/cs\/wp-json\/wp\/v2\/media?parent=8792"}],"wp:term":[{"taxonomy":"author","embeddable":true,"href":"https:\/\/luciepo.com\/cs\/wp-json\/wp\/v2\/ppma_author?post=8792"}],"curies":[{"name":"wp","href":"https:\/\/api.w.org\/{rel}","templated":true}]}}