{"id":8964,"date":"2023-05-13T21:02:52","date_gmt":"2023-05-13T19:02:52","guid":{"rendered":"https:\/\/luciepo.com\/objevte-svuj-wellness-udelejte-si-nas-kviz-o-zdravych-navycich\/"},"modified":"2024-03-04T19:15:09","modified_gmt":"2024-03-04T18:15:09","slug":"objevte-svuj-wellness-udelejte-si-nas-kviz-o-zdravych-navycich","status":"publish","type":"page","link":"https:\/\/luciepo.com\/cs\/objevte-svuj-wellness-udelejte-si-nas-kviz-o-zdravych-navycich\/","title":{"rendered":"Objevte sv\u016fj wellness: Ud\u011blejte si n\u00e1\u0161 kv\u00edz o zdrav\u00fdch n\u00e1vyc\u00edch!"},"content":{"rendered":"<form id=\"forminator-module-2868\" class=\"forminator-quiz forminator-quiz-2868\" method=\"post\" data-forminator-render=\"0\" data-uid=\"69f71ab8e5601\"><div class=\"forminator-quiz-intro\">\n\t\t\t\t\t<div id=\"ez-toc-container\" class=\"ez-toc-v2_0_56_1 counter-hierarchy ez-toc-counter ez-toc-grey ez-toc-container-direction\">\n<div class=\"ez-toc-title-container\">\n<p class=\"ez-toc-title \" >Table of Contents<\/p>\n<span class=\"ez-toc-title-toggle\"><a href=\"#\" class=\"ez-toc-pull-right ez-toc-btn ez-toc-btn-xs ez-toc-btn-default ez-toc-toggle\" aria-label=\"Toggle Table of Content\" role=\"button\"><label for=\"item-69f71ab8ed7a2\" ><span class=\"\"><span style=\"display:none;\">Toggle<\/span><span class=\"ez-toc-icon-toggle-span\"><svg style=\"fill: #999;color:#999\" xmlns=\"http:\/\/www.w3.org\/2000\/svg\" class=\"list-377408\" width=\"20px\" height=\"20px\" viewBox=\"0 0 24 24\" fill=\"none\"><path d=\"M6 6H4v2h2V6zm14 0H8v2h12V6zM4 11h2v2H4v-2zm16 0H8v2h12v-2zM4 16h2v2H4v-2zm16 0H8v2h12v-2z\" fill=\"currentColor\"><\/path><\/svg><svg style=\"fill: #999;color:#999\" class=\"arrow-unsorted-368013\" xmlns=\"http:\/\/www.w3.org\/2000\/svg\" width=\"10px\" height=\"10px\" viewBox=\"0 0 24 24\" version=\"1.2\" baseProfile=\"tiny\"><path d=\"M18.2 9.3l-6.2-6.3-6.2 6.3c-.2.2-.3.4-.3.7s.1.5.3.7c.2.2.4.3.7.3h11c.3 0 .5-.1.7-.3.2-.2.3-.5.3-.7s-.1-.5-.3-.7zM5.8 14.7l6.2 6.3 6.2-6.3c.2-.2.3-.5.3-.7s-.1-.5-.3-.7c-.2-.2-.4-.3-.7-.3h-11c-.3 0-.5.1-.7.3-.2.2-.3.5-.3.7s.1.5.3.7z\"\/><\/svg><\/span><\/span><\/label><input aria-label=\"Toggle\" aria-label=\"item-69f71ab8ed7a2\"  type=\"checkbox\" id=\"item-69f71ab8ed7a2\"><\/a><\/span><\/div>\n<nav><ul class='ez-toc-list ez-toc-list-level-1 ' ><ul class='ez-toc-list-level-3'><li class='ez-toc-heading-level-3'><ul class='ez-toc-list-level-3'><li class='ez-toc-heading-level-3'><a class=\"ez-toc-link ez-toc-heading-1\" href=\"https:\/\/luciepo.com\/cs\/objevte-svuj-wellness-udelejte-si-nas-kviz-o-zdravych-navycich\/#The_Healthy_Habits_Test_Are_You_on_the_Right_Track\" title=\"The Healthy Habits Test: Are You on the Right Track?\">The Healthy Habits Test: Are You on the Right Track?<\/a><\/li><\/ul><\/li><\/ul><\/li><li class='ez-toc-page-1 ez-toc-heading-level-1'><a class=\"ez-toc-link ez-toc-heading-2\" href=\"https:\/\/luciepo.com\/cs\/objevte-svuj-wellness-udelejte-si-nas-kviz-o-zdravych-navycich\/#OdemknA155te_si_cestu_ke_zdravA_Objevte_vliv_zdravA%C2%BDch_nA%C2%A1vykA%C2%AF\" title=\"Odemkn&Auml;&#155;te si cestu ke zdrav&Atilde;&shy;: Objevte vliv zdrav&Atilde;&frac12;ch n&Atilde;&iexcl;vyk&Aring;&macr;\">Odemkn&Auml;&#155;te si cestu ke zdrav&Atilde;&shy;: Objevte vliv zdrav&Atilde;&frac12;ch n&Atilde;&iexcl;vyk&Aring;&macr;<\/a><ul class='ez-toc-list-level-2'><li class='ez-toc-heading-level-2'><a class=\"ez-toc-link ez-toc-heading-3\" href=\"https:\/\/luciepo.com\/cs\/objevte-svuj-wellness-udelejte-si-nas-kviz-o-zdravych-navycich\/#ProA141_na_vaA%C2%A1ich_nA%C2%A1vycAch_zA%C2%A1leA%C2%BEA\" title=\"Pro&Auml;&#141; na va&Aring;&iexcl;ich n&Atilde;&iexcl;vyc&Atilde;&shy;ch z&Atilde;&iexcl;le&Aring;&frac34;&Atilde;&shy;\">Pro&Auml;&#141; na va&Aring;&iexcl;ich n&Atilde;&iexcl;vyc&Atilde;&shy;ch z&Atilde;&iexcl;le&Aring;&frac34;&Atilde;&shy;<\/a><\/li><li class='ez-toc-page-1 ez-toc-heading-level-2'><a class=\"ez-toc-link ez-toc-heading-4\" href=\"https:\/\/luciepo.com\/cs\/objevte-svuj-wellness-udelejte-si-nas-kviz-o-zdravych-navycich\/#SAla_reflexe\" title=\"S&Atilde;&shy;la reflexe\">S&Atilde;&shy;la reflexe<\/a><\/li><li class='ez-toc-page-1 ez-toc-heading-level-2'><a class=\"ez-toc-link ez-toc-heading-5\" href=\"https:\/\/luciepo.com\/cs\/objevte-svuj-wellness-udelejte-si-nas-kviz-o-zdravych-navycich\/#PersonalizovanA%C2%A9_poznatky_pro_vaA%C2%A1e_zdravA\" title=\"Personalizovan&Atilde;&copy; poznatky pro va&Aring;&iexcl;e zdrav&Atilde;&shy;\">Personalizovan&Atilde;&copy; poznatky pro va&Aring;&iexcl;e zdrav&Atilde;&shy;<\/a><\/li><li class='ez-toc-page-1 ez-toc-heading-level-2'><a class=\"ez-toc-link ez-toc-heading-6\" href=\"https:\/\/luciepo.com\/cs\/objevte-svuj-wellness-udelejte-si-nas-kviz-o-zdravych-navycich\/#VaA%C2%A1e_dalA%C2%A1A_kroky\" title=\"Va&Aring;&iexcl;e dal&Aring;&iexcl;&Atilde;&shy; kroky\">Va&Aring;&iexcl;e dal&Aring;&iexcl;&Atilde;&shy; kroky<\/a><\/li><li class='ez-toc-page-1 ez-toc-heading-level-2'><a class=\"ez-toc-link ez-toc-heading-7\" href=\"https:\/\/luciepo.com\/cs\/objevte-svuj-wellness-udelejte-si-nas-kviz-o-zdravych-navycich\/#PA153ipojte_se_k_naA%C2%A1A_komunitA155\" title=\"P&Aring;&#153;ipojte se k na&Aring;&iexcl;&Atilde;&shy; komunit&Auml;&#155;\">P&Aring;&#153;ipojte se k na&Aring;&iexcl;&Atilde;&shy; komunit&Auml;&#155;<\/a><\/li><li class='ez-toc-page-1 ez-toc-heading-level-2'><a class=\"ez-toc-link ez-toc-heading-8\" href=\"https:\/\/luciepo.com\/cs\/objevte-svuj-wellness-udelejte-si-nas-kviz-o-zdravych-navycich\/#Jste_pA153ipraveni_zaA141At\" title=\"Jste p&Aring;&#153;ipraveni za&Auml;&#141;&Atilde;&shy;t?\">Jste p&Aring;&#153;ipraveni za&Auml;&#141;&Atilde;&shy;t?<\/a><\/li><\/ul><\/li><\/ul><\/nav><\/div>\n<h3 class=\"forminator-quiz--title\"><span class=\"ez-toc-section\" id=\"The_Healthy_Habits_Test_Are_You_on_the_Right_Track\"><\/span>The Healthy Habits Test: Are You on the Right Track?<span class=\"ez-toc-section-end\"><\/span><\/h3>\n\t\t\n\t\t\t\t\t<img\n\t\t\t\tsrc=\"https:\/\/luciepo.com\/wp-content\/uploads\/2023\/05\/the-5th-jkDLNDGougw-unsplash-1-1024x683.jpg\"\n\t\t\t\tclass=\"forminator-quiz--image\"\n\t\t\t\taria-hidden=\"true\"\t\t\t\/>\n\t\t\n\t\t\t\t\t<div class=\"forminator-quiz--description\"><p><strong>Are you looking to live your best life and achieve your goals?<\/strong><\/p>\n<p>One of the key factors in success is having healthy habits. But what are the essential steps you need to take to establish and maintain them?<\/p>\n<p>In this quiz, I'll take you through a series of questions to determine your current level of healthy habits knowledge and practice. I'll then offer you personalized tips and strategies to help you master the three essential steps to healthy habits success.<\/p>\n<p>So, are you ready to discover your winning formula for healthy habits?<\/p>\n<p><strong>Let's get started!<\/strong><\/p><\/div>\n\t\t\n\t\t<button class=\"forminator-button forminator-quiz-start\" style=\"margin: 0 auto; display: block;\">Start Quiz<\/button><\/div><\/form>\n\n<div style=\"height:33px\" aria-hidden=\"true\" class=\"wp-block-spacer\"><\/div>\n\n<h1 id='odemkn\u011bte-si-cestu-ke-zdrav\u00ed-objevte-vliv-zdrav\u00fdch-n\u00e1vyk\u016f'  id=\"boomdevs_1\" class=\"wp-block-heading\" >Odemkn\u011bte si cestu ke zdrav\u00ed: Objevte vliv zdrav\u00fdch n\u00e1vyk\u016f<\/h1>\n\n<p>Na na\u0161\u00ed cest\u011b za zdrav\u011bj\u0161\u00edm \u017eivotem hraje kl\u00ed\u010dovou roli pochopen\u00ed a vyhodnocen\u00ed na\u0161ich ka\u017edodenn\u00edch n\u00e1vyk\u016f. Proto jsme r\u00e1di, \u017ee v\u00e1m m\u016f\u017eeme p\u0159edstavit n\u00e1\u0161 <strong>kv\u00edz o zdrav\u00fdch n\u00e1vyc\u00edch<\/strong>, n\u00e1stroj, kter\u00fd v\u00e1m nejen osv\u011btl\u00ed v\u00e1\u0161 sou\u010dasn\u00fd \u017eivotn\u00ed styl, ale tak\u00e9 v\u00e1m poskytne znalosti, kter\u00e9 v\u00e1m umo\u017en\u00ed prov\u00e9st z\u00e1sadn\u00ed zm\u011bny. Tento kv\u00edz je prvn\u00edm krokem k tomu, abyste byli \u017eiv\u011bj\u0161\u00ed a zdrav\u011bj\u0161\u00ed.<\/p>\n\n<h2 id='pro\u010d-na-va\u0161ich-n\u00e1vyc\u00edch-z\u00e1le\u017e\u00ed'  id=\"boomdevs_2\" class=\"wp-block-heading\" >Pro\u010d na va\u0161ich n\u00e1vyc\u00edch z\u00e1le\u017e\u00ed<\/h2>\n\n<p>Ka\u017ed\u00e1 na\u0161e volba, od j\u00eddla, kter\u00e9 konzumujeme, a\u017e po mno\u017estv\u00ed sp\u00e1nku, ovliv\u0148uje na\u0161e zdrav\u00ed a pohodu. V ka\u017edodenn\u00edm shonu je v\u0161ak snadn\u00e9 propadnout rutin\u011b, ani\u017e bychom zv\u00e1\u017eili jej\u00ed dlouhodob\u00fd dopad na na\u0161e zdrav\u00ed. K tomu slou\u017e\u00ed n\u00e1\u0161 kv\u00edz. Je sestaven tak, aby v\u00e1s p\u0159im\u011bl zamyslet se nad aspekty va\u0161\u00ed rutiny, kter\u00e9 jste mo\u017en\u00e1 dosud bl\u00ed\u017ee nezva\u017eovali, jako je v\u00fd\u017eiva, fyzick\u00e1 aktivita, hydratace, kvalita sp\u00e1nku a du\u0161evn\u00ed zdrav\u00ed.<\/p>\n\n<h2 id='s\u00edla-reflexe'  id=\"boomdevs_3\" class=\"wp-block-heading\" >S\u00edla reflexe<\/h2>\n\n<p>Vypln\u011bn\u00ed <strong>kv\u00edzu o zdrav\u00fdch n\u00e1vyc\u00edch<\/strong> je v\u00edc ne\u017e jen za\u0161krt\u00e1v\u00e1n\u00ed pol\u00ed\u010dek; jde o sebereflexi. Podn\u011bcuje v\u00e1s k tomu, abyste se zastavili a zamysleli se nejen nad t\u00edm, co d\u011bl\u00e1te, ale i nad t\u00edm, jak se p\u0159i tom c\u00edt\u00edte. Jste pln\u00ed energie a spokojenosti, nebo se \u010dasto c\u00edt\u00edte vy\u010derpan\u00ed a pot\u0159ebujete zm\u011bnu? Tento kv\u00edz je va\u0161\u00edm pr\u016fvodcem p\u0159i hled\u00e1n\u00ed odpov\u011bd\u00ed.<\/p>\n\n<h2 id='personalizovan\u00e9-poznatky-pro-va\u0161e-zdrav\u00ed'  id=\"boomdevs_4\" class=\"wp-block-heading\" >Personalizovan\u00e9 poznatky pro va\u0161e zdrav\u00ed<\/h2>\n\n<p>Po dokon\u010den\u00ed kv\u00edzu nez\u00edsk\u00e1te sk\u00f3re, ale \u0159adu personalizovan\u00fdch informac\u00ed. Tyto poznatky maj\u00ed zd\u016fraznit va\u0161e siln\u00e9 str\u00e1nky a identifikovat oblasti, ve kter\u00fdch se m\u016f\u017eete zlep\u0161it. A\u0165 u\u017e se jedn\u00e1 o tipy, jak do sv\u00e9ho dne za\u0159adit v\u00edce pohybu, strategie pro lep\u0161\u00ed hydrataci nebo zp\u016fsoby, jak zlep\u0161it sv\u016fj sp\u00e1nkov\u00fd re\u017eim, tyto na m\u00edru \u0161it\u00e9 n\u00e1vrhy maj\u00ed za c\u00edl podpo\u0159it va\u0161i cestu za zdrav\u00edm na ka\u017ed\u00e9m kroku.<\/p>\n\n<h2 id='va\u0161e-dal\u0161\u00ed-kroky'  id=\"boomdevs_5\" class=\"wp-block-heading\" >Va\u0161e dal\u0161\u00ed kroky<\/h2>\n\n<p>Co bude n\u00e1sledovat, a\u017e budete m\u00edt k dispozici sv\u00e9 poznatky? Vyz\u00fdv\u00e1me v\u00e1s, abyste jednali. Mal\u00e9, zvl\u00e1dnuteln\u00e9 zm\u011bny mohou m\u00edt \u010dasem z\u00e1sadn\u00ed dopad. Zva\u017ete stanoven\u00ed realistick\u00fdch c\u00edl\u016f na z\u00e1klad\u011b sv\u00fdch poznatk\u016f z kv\u00edzu. Pokud je t\u0159eba zlep\u0161it hydrataci, za\u010dn\u011bte postupn\u011b zvy\u0161ovat p\u0159\u00edjem vody. Pokud se chcete v\u00edce h\u00fdbat, prozkoumejte aktivity, kter\u00e9 v\u00e1s bav\u00ed a na kter\u00e9 se m\u016f\u017eete t\u011b\u0161it.<\/p>\n\n<h2 id='p\u0159ipojte-se-k-na\u0161\u00ed-komunit\u011b'  id=\"boomdevs_6\" class=\"wp-block-heading\" >P\u0159ipojte se k na\u0161\u00ed komunit\u011b<\/h2>\n\n<p>Na t\u00e9to cest\u011b nejste sami. N\u00e1\u0161 blog a komunita jsou tu, aby v\u00e1s podpo\u0159ily na ka\u017ed\u00e9m kroku. Pod\u011blte se s n\u00e1mi o sv\u00e9 zku\u0161enosti, v\u00fdzvy a v\u00edt\u011bzstv\u00ed. Spole\u010dn\u011b se m\u016f\u017eeme navz\u00e1jem inspirovat a motivovat ke zdrav\u011bj\u0161\u00edmu a \u0161\u0165astn\u011bj\u0161\u00edmu \u017eivotu.<\/p>\n\n<h2 id='jste-p\u0159ipraveni-za\u010d\u00edt'  id=\"boomdevs_7\" class=\"wp-block-heading\" >Jste p\u0159ipraveni za\u010d\u00edt?<\/h2>\n\n<p><strong>Ud\u011blejte si kv\u00edz o zdrav\u00fdch n\u00e1vyc\u00edch<\/strong> a odemkn\u011bte si osobn\u00ed cestu ke zdrav\u00ed. Nezapome\u0148te, \u017ee cesta k lep\u0161\u00edmu zdrav\u00ed trv\u00e1 a ka\u017ed\u00fd krok se po\u010d\u00edt\u00e1. Vydejme se na tuto cestu spole\u010dn\u011b, jeden n\u00e1vyk za druh\u00fdm.<\/p>\n","protected":false},"excerpt":{"rendered":"<p>Odemkn\u011bte si cestu ke zdrav\u00ed: Objevte vliv zdrav\u00fdch n\u00e1vyk\u016f Na na\u0161\u00ed cest\u011b za zdrav\u011bj\u0161\u00edm \u017eivotem hraje kl\u00ed\u010dovou roli pochopen\u00ed a vyhodnocen\u00ed na\u0161ich ka\u017edodenn\u00edch n\u00e1vyk\u016f. Proto jsme r\u00e1di, \u017ee v\u00e1m m\u016f\u017eeme p\u0159edstavit n\u00e1\u0161 kv\u00edz o zdrav\u00fdch n\u00e1vyc\u00edch, n\u00e1stroj, kter\u00fd v\u00e1m nejen osv\u011btl\u00ed v\u00e1\u0161 sou\u010dasn\u00fd \u017eivotn\u00ed styl, ale tak\u00e9 v\u00e1m poskytne znalosti, kter\u00e9 v\u00e1m umo\u017en\u00ed prov\u00e9st z\u00e1sadn\u00ed zm\u011bny. Tento kv\u00edz je prvn\u00edm krokem k tomu, abyste byli \u017eiv\u011bj\u0161\u00ed a zdrav\u011bj\u0161\u00ed. Pro\u010d na va\u0161ich n\u00e1vyc\u00edch z\u00e1le\u017e\u00ed Ka\u017ed\u00e1 na\u0161e volba, od j\u00eddla, kter\u00e9 konzumujeme, a\u017e po mno\u017estv\u00ed sp\u00e1nku, ovliv\u0148uje na\u0161e zdrav\u00ed a pohodu. V ka\u017edodenn\u00edm shonu je v\u0161ak snadn\u00e9 propadnout rutin\u011b, ani\u017e bychom zv\u00e1\u017eili jej\u00ed dlouhodob\u00fd dopad na na\u0161e zdrav\u00ed. K tomu slou\u017e\u00ed n\u00e1\u0161 kv\u00edz. Je sestaven tak, aby v\u00e1s p\u0159im\u011bl zamyslet se nad aspekty va\u0161\u00ed rutiny, kter\u00e9 jste mo\u017en\u00e1 dosud bl\u00ed\u017ee nezva\u017eovali, jako je v\u00fd\u017eiva, fyzick\u00e1 aktivita, hydratace, kvalita sp\u00e1nku a du\u0161evn\u00ed zdrav\u00ed. S\u00edla reflexe Vypln\u011bn\u00ed kv\u00edzu o zdrav\u00fdch n\u00e1vyc\u00edch je v\u00edc ne\u017e jen za\u0161krt\u00e1v\u00e1n\u00ed pol\u00ed\u010dek; jde o sebereflexi. Podn\u011bcuje v\u00e1s k tomu, abyste se zastavili a zamysleli se nejen nad t\u00edm, co d\u011bl\u00e1te, ale i nad t\u00edm, jak se p\u0159i tom c\u00edt\u00edte. Jste pln\u00ed energie a spokojenosti, nebo se \u010dasto c\u00edt\u00edte vy\u010derpan\u00ed a pot\u0159ebujete zm\u011bnu? Tento kv\u00edz je va\u0161\u00edm pr\u016fvodcem p\u0159i hled\u00e1n\u00ed odpov\u011bd\u00ed. Personalizovan\u00e9 poznatky pro va\u0161e zdrav\u00ed Po dokon\u010den\u00ed kv\u00edzu nez\u00edsk\u00e1te sk\u00f3re, ale \u0159adu personalizovan\u00fdch informac\u00ed. Tyto poznatky maj\u00ed zd\u016fraznit va\u0161e siln\u00e9 str\u00e1nky a identifikovat oblasti, ve kter\u00fdch se m\u016f\u017eete zlep\u0161it. A\u0165 u\u017e se jedn\u00e1 o tipy, jak do sv\u00e9ho dne za\u0159adit v\u00edce pohybu, strategie pro lep\u0161\u00ed hydrataci nebo zp\u016fsoby, jak zlep\u0161it sv\u016fj sp\u00e1nkov\u00fd re\u017eim, tyto na m\u00edru \u0161it\u00e9 n\u00e1vrhy maj\u00ed za c\u00edl podpo\u0159it va\u0161i cestu za zdrav\u00edm na ka\u017ed\u00e9m kroku. Va\u0161e dal\u0161\u00ed kroky Co bude n\u00e1sledovat, a\u017e budete m\u00edt k dispozici sv\u00e9 poznatky? Vyz\u00fdv\u00e1me v\u00e1s, abyste jednali. Mal\u00e9, zvl\u00e1dnuteln\u00e9 zm\u011bny mohou m\u00edt \u010dasem z\u00e1sadn\u00ed dopad. Zva\u017ete stanoven\u00ed realistick\u00fdch c\u00edl\u016f na z\u00e1klad\u011b sv\u00fdch poznatk\u016f z kv\u00edzu. Pokud je t\u0159eba zlep\u0161it hydrataci, za\u010dn\u011bte postupn\u011b zvy\u0161ovat p\u0159\u00edjem vody. Pokud se chcete v\u00edce h\u00fdbat, prozkoumejte aktivity, kter\u00e9 v\u00e1s bav\u00ed a na kter\u00e9 se m\u016f\u017eete t\u011b\u0161it. P\u0159ipojte se k na\u0161\u00ed komunit\u011b Na t\u00e9to cest\u011b nejste sami. N\u00e1\u0161 blog a komunita jsou tu, aby v\u00e1s podpo\u0159ily na ka\u017ed\u00e9m kroku. Pod\u011blte se s n\u00e1mi o sv\u00e9 zku\u0161enosti, v\u00fdzvy a v\u00edt\u011bzstv\u00ed. Spole\u010dn\u011b se m\u016f\u017eeme navz\u00e1jem inspirovat a motivovat ke zdrav\u011bj\u0161\u00edmu a \u0161\u0165astn\u011bj\u0161\u00edmu \u017eivotu. Jste p\u0159ipraveni za\u010d\u00edt? Ud\u011blejte si kv\u00edz o zdrav\u00fdch n\u00e1vyc\u00edch a odemkn\u011bte si osobn\u00ed cestu ke zdrav\u00ed. Nezapome\u0148te, \u017ee cesta k lep\u0161\u00edmu zdrav\u00ed trv\u00e1 a ka\u017ed\u00fd krok se po\u010d\u00edt\u00e1. Vydejme se na tuto cestu spole\u010dn\u011b, jeden n\u00e1vyk za druh\u00fdm.<\/p>\n","protected":false},"author":1,"featured_media":0,"parent":0,"menu_order":0,"comment_status":"closed","ping_status":"closed","template":"","meta":{"_eb_attr":"","cos_headline_score":0,"cos_seo_score":0,"cos_headline_text":"","cos_headline_has_been_analyzed":false,"cos_last_analyzed_headline":[],"_lmt_disableupdate":"","_lmt_disable":"","footnotes":""},"ppma_author":[115],"acf":[],"_links":{"self":[{"href":"https:\/\/luciepo.com\/cs\/wp-json\/wp\/v2\/pages\/8964"}],"collection":[{"href":"https:\/\/luciepo.com\/cs\/wp-json\/wp\/v2\/pages"}],"about":[{"href":"https:\/\/luciepo.com\/cs\/wp-json\/wp\/v2\/types\/page"}],"author":[{"embeddable":true,"href":"https:\/\/luciepo.com\/cs\/wp-json\/wp\/v2\/users\/1"}],"replies":[{"embeddable":true,"href":"https:\/\/luciepo.com\/cs\/wp-json\/wp\/v2\/comments?post=8964"}],"version-history":[{"count":1,"href":"https:\/\/luciepo.com\/cs\/wp-json\/wp\/v2\/pages\/8964\/revisions"}],"predecessor-version":[{"id":8969,"href":"https:\/\/luciepo.com\/cs\/wp-json\/wp\/v2\/pages\/8964\/revisions\/8969"}],"wp:attachment":[{"href":"https:\/\/luciepo.com\/cs\/wp-json\/wp\/v2\/media?parent=8964"}],"wp:term":[{"taxonomy":"author","embeddable":true,"href":"https:\/\/luciepo.com\/cs\/wp-json\/wp\/v2\/ppma_author?post=8964"}],"curies":[{"name":"wp","href":"https:\/\/api.w.org\/{rel}","templated":true}]}}