{"id":8803,"date":"2023-03-15T17:27:03","date_gmt":"2023-03-15T16:27:03","guid":{"rendered":"https:\/\/luciepo.com\/descargo-de-responsabilidad-para-afiliados\/"},"modified":"2024-03-04T19:13:11","modified_gmt":"2024-03-04T18:13:11","slug":"descargo-de-responsabilidad-para-afiliados","status":"publish","type":"page","link":"https:\/\/luciepo.com\/es\/descargo-de-responsabilidad-para-afiliados\/","title":{"rendered":"Descargo de responsabilidad para afiliados"},"content":{"rendered":"\n<p>En LuciePo queremos ser totalmente transparentes sobre nuestras relaciones de afiliaci\u00f3n con otras empresas. Creemos que la honestidad es la mejor pol\u00edtica, y queremos que nuestros lectores conf\u00eden en nosotros y en nuestras recomendaciones.<\/p>\n\n<p>Algunos de los enlaces de nuestro sitio web son enlaces de afiliados, lo que significa que si hace clic en uno de estos enlaces y realiza una compra, es posible que recibamos una comisi\u00f3n sin coste adicional para usted. S\u00f3lo recomendamos productos y servicios en los que realmente creemos y que pensamos que ser\u00e1n \u00fatiles para nuestros lectores.<\/p>\n\n<p>Participamos en el Programa de Asociados de Amazon Services LLC, un programa publicitario de afiliaci\u00f3n dise\u00f1ado para proporcionarnos un medio para ganar comisiones mediante enlaces a Amazon.com y sitios afiliados. Como asociados de Amazon, ganamos por las compras que cumplan los requisitos.<\/p>\n\n<p>Tambi\u00e9n participamos en otros programas de afiliaci\u00f3n, incluidos, entre otros, los siguientes:<\/p>\n\n<ul>\n<li>ShareASale<\/li>\n\n\n\n<li>Comisi\u00f3n Junction<\/li>\n\n\n\n<li>Rakuten Marketing<\/li>\n<\/ul>\n\n<p>Tambi\u00e9n podemos recibir compensaciones por publicaciones patrocinadas o rese\u00f1as de productos. Sin embargo, siempre revelaremos si hemos recibido una compensaci\u00f3n por un art\u00edculo o rese\u00f1a.<\/p>\n\n<p>Es importante se\u00f1alar que nuestro contenido editorial no est\u00e1 influenciado por estas relaciones de afiliaci\u00f3n o contenido patrocinado. Siempre ofreceremos rese\u00f1as y recomendaciones honestas e imparciales.<\/p>\n\n<p>Entendemos que no todo el mundo quiera utilizar nuestros enlaces de afiliados, y eso est\u00e1 completamente bien. No tiene ninguna obligaci\u00f3n de utilizar nuestros enlaces, y le agradecemos su apoyo tanto si decide utilizarlos como si no.<\/p>\n\n<p>Si decide utilizar nuestros enlaces de afiliado, sepa que agradecemos su apoyo y que nos ayuda a seguir creando contenidos \u00fatiles para nuestros lectores.<\/p>\n\n<p>\u00a1Gracias por su apoyo y por leer LuciePo!<\/p>\n","protected":false},"excerpt":{"rendered":"<p>En LuciePo queremos ser totalmente transparentes sobre nuestras relaciones de afiliaci\u00f3n con otras empresas. Creemos que la honestidad es la mejor pol\u00edtica, y queremos que nuestros lectores conf\u00eden en nosotros y en nuestras recomendaciones. Algunos de los enlaces de nuestro sitio web son enlaces de afiliados, lo que significa que si hace clic en uno de estos enlaces y realiza una compra, es posible que recibamos una comisi\u00f3n sin coste adicional para usted. S\u00f3lo recomendamos productos y servicios en los que realmente creemos y que pensamos que ser\u00e1n \u00fatiles para nuestros lectores. Participamos en el Programa de Asociados de Amazon Services LLC, un programa publicitario de afiliaci\u00f3n dise\u00f1ado para proporcionarnos un medio para ganar comisiones mediante enlaces a Amazon.com y sitios afiliados. Como asociados de Amazon, ganamos por las compras que cumplan los requisitos. Tambi\u00e9n participamos en otros programas de afiliaci\u00f3n, incluidos, entre otros, los siguientes: Tambi\u00e9n podemos recibir compensaciones por publicaciones patrocinadas o rese\u00f1as de productos. Sin embargo, siempre revelaremos si hemos recibido una compensaci\u00f3n por un art\u00edculo o rese\u00f1a. Es importante se\u00f1alar que nuestro contenido editorial no est\u00e1 influenciado por estas relaciones de afiliaci\u00f3n o contenido patrocinado. Siempre ofreceremos rese\u00f1as y recomendaciones honestas e imparciales. Entendemos que no todo el mundo quiera utilizar nuestros enlaces de afiliados, y eso est\u00e1 completamente bien. No tiene ninguna obligaci\u00f3n de utilizar nuestros enlaces, y le agradecemos su apoyo tanto si decide utilizarlos como si no. Si decide utilizar nuestros enlaces de afiliado, sepa que agradecemos su apoyo y que nos ayuda a seguir creando contenidos \u00fatiles para nuestros lectores. \u00a1Gracias por su apoyo y por leer LuciePo!<\/p>\n","protected":false},"author":1,"featured_media":0,"parent":0,"menu_order":0,"comment_status":"closed","ping_status":"closed","template":"","meta":{"_eb_attr":"","cos_headline_score":0,"cos_seo_score":0,"cos_headline_text":"","cos_headline_has_been_analyzed":false,"cos_last_analyzed_headline":[],"_lmt_disableupdate":"","_lmt_disable":"","footnotes":""},"ppma_author":[115],"acf":[],"_links":{"self":[{"href":"https:\/\/luciepo.com\/es\/wp-json\/wp\/v2\/pages\/8803"}],"collection":[{"href":"https:\/\/luciepo.com\/es\/wp-json\/wp\/v2\/pages"}],"about":[{"href":"https:\/\/luciepo.com\/es\/wp-json\/wp\/v2\/types\/page"}],"author":[{"embeddable":true,"href":"https:\/\/luciepo.com\/es\/wp-json\/wp\/v2\/users\/1"}],"replies":[{"embeddable":true,"href":"https:\/\/luciepo.com\/es\/wp-json\/wp\/v2\/comments?post=8803"}],"version-history":[{"count":1,"href":"https:\/\/luciepo.com\/es\/wp-json\/wp\/v2\/pages\/8803\/revisions"}],"predecessor-version":[{"id":8804,"href":"https:\/\/luciepo.com\/es\/wp-json\/wp\/v2\/pages\/8803\/revisions\/8804"}],"wp:attachment":[{"href":"https:\/\/luciepo.com\/es\/wp-json\/wp\/v2\/media?parent=8803"}],"wp:term":[{"taxonomy":"author","embeddable":true,"href":"https:\/\/luciepo.com\/es\/wp-json\/wp\/v2\/ppma_author?post=8803"}],"curies":[{"name":"wp","href":"https:\/\/api.w.org\/{rel}","templated":true}]}}