{"id":8819,"date":"2023-03-15T17:27:03","date_gmt":"2023-03-15T16:27:03","guid":{"rendered":"https:\/\/luciepo.com\/clause-de-non-responsabilite-des-affilies\/"},"modified":"2024-03-04T19:14:00","modified_gmt":"2024-03-04T18:14:00","slug":"clause-de-non-responsabilite-des-affilies","status":"publish","type":"page","link":"https:\/\/luciepo.com\/fr\/clause-de-non-responsabilite-des-affilies\/","title":{"rendered":"Clause de non-responsabilit\u00e9 des affili\u00e9s"},"content":{"rendered":"\n<p>Chez LuciePo, nous tenons \u00e0 \u00eatre totalement transparents sur nos relations d&#8217;affiliation avec d&#8217;autres entreprises. Nous pensons que l&#8217;honn\u00eatet\u00e9 est la meilleure des politiques et nous voulons que nos lecteurs aient confiance en nous et en nos recommandations.<\/p>\n\n<p>Certains des liens figurant sur notre site web sont des liens affili\u00e9s, ce qui signifie que si vous cliquez sur l&#8217;un de ces liens et que vous effectuez un achat, nous pouvons recevoir une commission sans frais suppl\u00e9mentaires pour vous. Nous ne recommandons que des produits et des services auxquels nous croyons vraiment et dont nous pensons qu&#8217;ils seront utiles \u00e0 nos lecteurs.<\/p>\n\n<p>Nous participons au programme Amazon Services LLC Associates, un programme de publicit\u00e9 affili\u00e9e con\u00e7u pour nous permettre de gagner des commissions en \u00e9tablissant des liens avec Amazon.com et des sites affili\u00e9s. En tant qu&#8217;associ\u00e9 d&#8217;Amazon, nous gagnons de l&#8217;argent sur les achats qualifi\u00e9s.<\/p>\n\n<p>Nous participons \u00e9galement \u00e0 d&#8217;autres programmes d&#8217;affiliation, y compris, mais sans s&#8217;y limiter, les suivants :<\/p>\n\n<ul>\n<li>Vente d&#8217;actions<\/li>\n\n\n\n<li>Commission Junction<\/li>\n\n\n\n<li>Rakuten Marketing<\/li>\n<\/ul>\n\n<p>Nous pouvons \u00e9galement recevoir une compensation pour des articles sponsoris\u00e9s ou des \u00e9valuations de produits. Toutefois, nous indiquons toujours si nous avons re\u00e7u une compensation pour un article ou un commentaire.<\/p>\n\n<p>Il est important de noter que notre contenu \u00e9ditorial n&#8217;est pas influenc\u00e9 par ces relations d&#8217;affiliation ou ce contenu sponsoris\u00e9. Nous fournirons toujours des avis et des recommandations honn\u00eates et impartiaux.<\/p>\n\n<p>Nous comprenons que tout le monde ne souhaite pas utiliser nos liens d&#8217;affiliation, et c&#8217;est tout \u00e0 fait normal. Vous n&#8217;\u00eates pas oblig\u00e9 d&#8217;utiliser nos liens et nous appr\u00e9cions votre soutien, que vous choisissiez de les utiliser ou non.<\/p>\n\n<p>Si vous choisissez d&#8217;utiliser nos liens d&#8217;affiliation, sachez que nous appr\u00e9cions votre soutien et qu&#8217;il nous permet de continuer \u00e0 cr\u00e9er des contenus utiles pour nos lecteurs.<\/p>\n\n<p>Merci de votre soutien et de votre lecture LuciePo !<\/p>\n","protected":false},"excerpt":{"rendered":"<p>Chez LuciePo, nous tenons \u00e0 \u00eatre totalement transparents sur nos relations d&#8217;affiliation avec d&#8217;autres entreprises. Nous pensons que l&#8217;honn\u00eatet\u00e9 est la meilleure des politiques et nous voulons que nos lecteurs aient confiance en nous et en nos recommandations. Certains des liens figurant sur notre site web sont des liens affili\u00e9s, ce qui signifie que si vous cliquez sur l&#8217;un de ces liens et que vous effectuez un achat, nous pouvons recevoir une commission sans frais suppl\u00e9mentaires pour vous. Nous ne recommandons que des produits et des services auxquels nous croyons vraiment et dont nous pensons qu&#8217;ils seront utiles \u00e0 nos lecteurs. Nous participons au programme Amazon Services LLC Associates, un programme de publicit\u00e9 affili\u00e9e con\u00e7u pour nous permettre de gagner des commissions en \u00e9tablissant des liens avec Amazon.com et des sites affili\u00e9s. En tant qu&#8217;associ\u00e9 d&#8217;Amazon, nous gagnons de l&#8217;argent sur les achats qualifi\u00e9s. Nous participons \u00e9galement \u00e0 d&#8217;autres programmes d&#8217;affiliation, y compris, mais sans s&#8217;y limiter, les suivants : Nous pouvons \u00e9galement recevoir une compensation pour des articles sponsoris\u00e9s ou des \u00e9valuations de produits. Toutefois, nous indiquons toujours si nous avons re\u00e7u une compensation pour un article ou un commentaire. Il est important de noter que notre contenu \u00e9ditorial n&#8217;est pas influenc\u00e9 par ces relations d&#8217;affiliation ou ce contenu sponsoris\u00e9. Nous fournirons toujours des avis et des recommandations honn\u00eates et impartiaux. Nous comprenons que tout le monde ne souhaite pas utiliser nos liens d&#8217;affiliation, et c&#8217;est tout \u00e0 fait normal. Vous n&#8217;\u00eates pas oblig\u00e9 d&#8217;utiliser nos liens et nous appr\u00e9cions votre soutien, que vous choisissiez de les utiliser ou non. Si vous choisissez d&#8217;utiliser nos liens d&#8217;affiliation, sachez que nous appr\u00e9cions votre soutien et qu&#8217;il nous permet de continuer \u00e0 cr\u00e9er des contenus utiles pour nos lecteurs. Merci de votre soutien et de votre lecture LuciePo !<\/p>\n","protected":false},"author":1,"featured_media":0,"parent":0,"menu_order":0,"comment_status":"closed","ping_status":"closed","template":"","meta":{"_eb_attr":"","cos_headline_score":0,"cos_seo_score":0,"cos_headline_text":"","cos_headline_has_been_analyzed":false,"cos_last_analyzed_headline":[],"_lmt_disableupdate":"","_lmt_disable":"","footnotes":""},"ppma_author":[115],"acf":[],"_links":{"self":[{"href":"https:\/\/luciepo.com\/fr\/wp-json\/wp\/v2\/pages\/8819"}],"collection":[{"href":"https:\/\/luciepo.com\/fr\/wp-json\/wp\/v2\/pages"}],"about":[{"href":"https:\/\/luciepo.com\/fr\/wp-json\/wp\/v2\/types\/page"}],"author":[{"embeddable":true,"href":"https:\/\/luciepo.com\/fr\/wp-json\/wp\/v2\/users\/1"}],"replies":[{"embeddable":true,"href":"https:\/\/luciepo.com\/fr\/wp-json\/wp\/v2\/comments?post=8819"}],"version-history":[{"count":1,"href":"https:\/\/luciepo.com\/fr\/wp-json\/wp\/v2\/pages\/8819\/revisions"}],"predecessor-version":[{"id":8824,"href":"https:\/\/luciepo.com\/fr\/wp-json\/wp\/v2\/pages\/8819\/revisions\/8824"}],"wp:attachment":[{"href":"https:\/\/luciepo.com\/fr\/wp-json\/wp\/v2\/media?parent=8819"}],"wp:term":[{"taxonomy":"author","embeddable":true,"href":"https:\/\/luciepo.com\/fr\/wp-json\/wp\/v2\/ppma_author?post=8819"}],"curies":[{"name":"wp","href":"https:\/\/api.w.org\/{rel}","templated":true}]}}